{"id":21531,"date":"2017-02-27T13:21:34","date_gmt":"2017-02-27T12:21:34","guid":{"rendered":"http:\/\/scb.es\/why-spain\/gastronomy\/nueva-cocina-espanola\/"},"modified":"2017-07-19T15:24:55","modified_gmt":"2017-07-19T14:24:55","slug":"modern-spanish-cuisine","status":"publish","type":"page","link":"https:\/\/scb.es\/en\/why-spain\/gastronomy\/modern-spanish-cuisine\/","title":{"rendered":"Modern Spanish cuisine"},"content":{"rendered":"<p>[vc_row css_animation=&#8221;&#8221; row_type=&#8221;row&#8221; use_row_as_full_screen_section=&#8221;no&#8221; type=&#8221;grid&#8221; angled_section=&#8221;no&#8221; text_align=&#8221;left&#8221; background_image_as_pattern=&#8221;without_pattern&#8221; css=&#8221;.vc_custom_1488211574769{padding-top: 40px !important;padding-bottom: 40px !important;}&#8221;][vc_column][vc_column_text]<\/p>\n<p align=\"justify\">The modern Spanish cuisine, which emerged in the Basque Country with Juan Mari Arzak, Mart\u00edn Berasategui, and Pedro Subijana, is also based on traditional recipes.<\/p>\n<p align=\"justify\">Then Ferr\u00e1n Adri\u00e0 revolutionised high cuisine globally. His restaurant, El Bulli, was regarded as the best in the world for a number of consecutive years. In 2011, it was closed to become a gastronomy research centre where the creativity of chefs from all over the world is boosted.<\/p>\n<p>[\/vc_column_text][\/vc_column][\/vc_row][vc_row css_animation=&#8221;&#8221; row_type=&#8221;row&#8221; use_row_as_full_screen_section=&#8221;no&#8221; type=&#8221;grid&#8221; angled_section=&#8221;no&#8221; text_align=&#8221;left&#8221; background_image_as_pattern=&#8221;without_pattern&#8221; css=&#8221;.vc_custom_1488211067729{padding-top: 40px !important;padding-bottom: 40px !important;background-color: #ffffff !important;}&#8221;][vc_column width=&#8221;1\/2&#8243;][vc_single_image image=&#8221;20589&#8243; img_size=&#8221;full&#8221; alignment=&#8221;center&#8221; style=&#8221;vc_box_shadow_3d&#8221; qode_css_animation=&#8221;&#8221;][\/vc_column][vc_column width=&#8221;1\/2&#8243;][vc_column_text css=&#8221;.vc_custom_1500474293799{padding-top: 15px !important;}&#8221;]<\/p>\n<p align=\"justify\">Adri\u00e0 was an inspiration for many young cooks, and paved the way for a new generation of brilliant chefs.<\/p>\n<p align=\"justify\">These include the already famous Roca brothers, Andoni Luis Aduriz, Carme Ruscalleda, Sergi Arola, Daviz Mu\u00f1oz, Paco Roncero, Elena Arzak, Eneko Atxa, Susi D\u00edaz, \u00c1ngel Le\u00f3n, and Dani Garc\u00eda.<\/p>\n<p align=\"justify\">Outside Spain we also find Alejandro S\u00e1nchez, in his Hong Kong restaurant; Jos\u00e9 Pizarro, an ambassador of Spanish cuisine in London; and Jos\u00e9 Andr\u00e9s, who promotes Spanish gastronomy in the United States.<\/p>\n<p>[\/vc_column_text][\/vc_column][\/vc_row]<\/p>\n","protected":false},"excerpt":{"rendered":"<p>[vc_row css_animation=&#8221;&#8221; row_type=&#8221;row&#8221; use_row_as_full_screen_section=&#8221;no&#8221; type=&#8221;grid&#8221; angled_section=&#8221;no&#8221; text_align=&#8221;left&#8221; background_image_as_pattern=&#8221;without_pattern&#8221; css=&#8221;.vc_custom_1488211574769{padding-top: 40px !important;padding-bottom: 40px !important;}&#8221;][vc_column][vc_column_text] The modern Spanish cuisine, which emerged in the Basque Country with Juan Mari Arzak, Mart\u00edn Berasategui, and Pedro Subijana, is also based on traditional recipes. Then Ferr\u00e1n Adri\u00e0 revolutionised high cuisine globally&#8230;.<\/p>\n","protected":false},"author":1,"featured_media":0,"parent":21270,"menu_order":0,"comment_status":"closed","ping_status":"closed","template":"full_width.php","meta":{"footnotes":""},"class_list":["post-21531","page","type-page","status-publish","hentry"],"jetpack_sharing_enabled":true,"jetpack_shortlink":"https:\/\/wp.me\/PdGYAs-5Bh","_links":{"self":[{"href":"https:\/\/scb.es\/en\/wp-json\/wp\/v2\/pages\/21531","targetHints":{"allow":["GET"]}}],"collection":[{"href":"https:\/\/scb.es\/en\/wp-json\/wp\/v2\/pages"}],"about":[{"href":"https:\/\/scb.es\/en\/wp-json\/wp\/v2\/types\/page"}],"author":[{"embeddable":true,"href":"https:\/\/scb.es\/en\/wp-json\/wp\/v2\/users\/1"}],"replies":[{"embeddable":true,"href":"https:\/\/scb.es\/en\/wp-json\/wp\/v2\/comments?post=21531"}],"version-history":[{"count":4,"href":"https:\/\/scb.es\/en\/wp-json\/wp\/v2\/pages\/21531\/revisions"}],"predecessor-version":[{"id":21535,"href":"https:\/\/scb.es\/en\/wp-json\/wp\/v2\/pages\/21531\/revisions\/21535"}],"up":[{"embeddable":true,"href":"https:\/\/scb.es\/en\/wp-json\/wp\/v2\/pages\/21270"}],"wp:attachment":[{"href":"https:\/\/scb.es\/en\/wp-json\/wp\/v2\/media?parent=21531"}],"curies":[{"name":"wp","href":"https:\/\/api.w.org\/{rel}","templated":true}]}}