{"id":21573,"date":"2017-03-02T13:57:10","date_gmt":"2017-03-02T12:57:10","guid":{"rendered":"http:\/\/scb.es\/proteccion-de-datos\/"},"modified":"2017-08-29T10:03:09","modified_gmt":"2017-08-29T09:03:09","slug":"privacy","status":"publish","type":"page","link":"https:\/\/scb.es\/en\/privacy\/","title":{"rendered":"Privacy"},"content":{"rendered":"<p>[vc_row css_animation=&#8221;&#8221; row_type=&#8221;row&#8221; use_row_as_full_screen_section=&#8221;no&#8221; type=&#8221;grid&#8221; angled_section=&#8221;no&#8221; text_align=&#8221;left&#8221; background_image_as_pattern=&#8221;without_pattern&#8221; css=&#8221;.vc_custom_1488469536350{padding-top: 40px !important;padding-bottom: 40px !important;}&#8221;][vc_column][vc_column_text]<\/p>\n<p align=\"justify\">La cumplimentaci\u00f3n de datos personales no es requisito para el acceso a los contenidos de este sitio web. Tan solo se almacenan los datos personales que el usuario voluntariamente facilite si lo desea.<\/p>\n<p align=\"justify\">El usuario que facilite sus datos personales es el \u00fanico responsable de la veracidad y correcci\u00f3n de los datos incluidos, quedando la FEMP exonerada de cualquier responsabilidad al respecto.<\/p>\n<p align=\"justify\">Los datos que suministre el usuario ser\u00e1n incluidos en nuestros ficheros automatizados de car\u00e1cter personal y tratados conforme a la Ley Org\u00e1nica 15\/1999, de 13 de diciembre de Protecci\u00f3n de Datos Personales. Mediante el suministro de sus datos, el usuario autoriza el tratamiento automatizado de los mismos con los fines indicados por el sitio web en cada caso. El usuario podr\u00e1 ejercer en cualquier momento su derecho de acceso, rectificaci\u00f3n, cancelaci\u00f3n y oposici\u00f3n de sus datos.<\/p>\n<p>[\/vc_column_text][\/vc_column][\/vc_row]<\/p>\n","protected":false},"excerpt":{"rendered":"<p>[vc_row css_animation=&#8221;&#8221; row_type=&#8221;row&#8221; use_row_as_full_screen_section=&#8221;no&#8221; type=&#8221;grid&#8221; angled_section=&#8221;no&#8221; text_align=&#8221;left&#8221; background_image_as_pattern=&#8221;without_pattern&#8221; css=&#8221;.vc_custom_1488469536350{padding-top: 40px !important;padding-bottom: 40px !important;}&#8221;][vc_column][vc_column_text] La cumplimentaci\u00f3n de datos personales no es requisito para el acceso a los contenidos de este sitio web. Tan solo se almacenan los datos personales que el usuario voluntariamente facilite si lo&#8230;<\/p>\n","protected":false},"author":1,"featured_media":0,"parent":0,"menu_order":0,"comment_status":"closed","ping_status":"closed","template":"full_width.php","meta":{"footnotes":""},"class_list":["post-21573","page","type-page","status-publish","hentry"],"jetpack_sharing_enabled":true,"jetpack_shortlink":"https:\/\/wp.me\/PdGYAs-5BX","_links":{"self":[{"href":"https:\/\/scb.es\/en\/wp-json\/wp\/v2\/pages\/21573","targetHints":{"allow":["GET"]}}],"collection":[{"href":"https:\/\/scb.es\/en\/wp-json\/wp\/v2\/pages"}],"about":[{"href":"https:\/\/scb.es\/en\/wp-json\/wp\/v2\/types\/page"}],"author":[{"embeddable":true,"href":"https:\/\/scb.es\/en\/wp-json\/wp\/v2\/users\/1"}],"replies":[{"embeddable":true,"href":"https:\/\/scb.es\/en\/wp-json\/wp\/v2\/comments?post=21573"}],"version-history":[{"count":1,"href":"https:\/\/scb.es\/en\/wp-json\/wp\/v2\/pages\/21573\/revisions"}],"predecessor-version":[{"id":21850,"href":"https:\/\/scb.es\/en\/wp-json\/wp\/v2\/pages\/21573\/revisions\/21850"}],"wp:attachment":[{"href":"https:\/\/scb.es\/en\/wp-json\/wp\/v2\/media?parent=21573"}],"curies":[{"name":"wp","href":"https:\/\/api.w.org\/{rel}","templated":true}]}}